{"id":2400176,"date":"2019-08-23T07:46:46","date_gmt":"2019-08-23T04:46:46","guid":{"rendered":"https:\/\/alaki.fi\/wordpress\/?page_id=2400176"},"modified":"2025-10-13T10:04:44","modified_gmt":"2025-10-13T07:04:44","slug":"jasenasiaa-membership","status":"publish","type":"page","link":"https:\/\/alaki.fi\/wordpress\/?page_id=2400176","title":{"rendered":"Liity j\u00e4seneksi &#8211; kom med"},"content":{"rendered":"\n<p>Norppakuva, copyright Harri Ekholm 2020<\/p>\n\n\n\n<p><strong>Mit\u00e4 sitten?<\/strong><\/p>\n\n\n\n<p>Saat kokeneiden juristien verkoston k\u00e4ytt\u00f6\u00f6si, j\u00e4senkortin, joka helpottaa turvatarkastuksissa,  p\u00e4\u00e4syn yhdistyksen j\u00e4senille tarkoitettuihin tilaisuuksiin netiss\u00e4 ja ulkona, voit kirjoittaa ajatuksiasi yhdistyksen keskustelupalstoille, tulla valituksi yhdistyksen luottamusteht\u00e4viin, osallistua yhdistyksen lausuntoihin vireill\u00e4 olevista tai toivottavista uudistuksista lains\u00e4\u00e4d\u00e4nn\u00f6ss\u00e4 ja muualla sek\u00e4 saada yhdistyksen j\u00e4senist\u00e4 puoltajia luottamusteht\u00e4viisi. T\u00e4ss\u00e4 vain jotakin. <\/p>\n\n\n\n<p><a rel=\"noreferrer noopener\" aria-label=\"S\u00e4\u00e4nn\u00f6t (avautuu uudessa v\u00e4lilehdess\u00e4)\" href=\"https:\/\/alaki.fi\/saannot.pdf\" target=\"_blank\">S\u00e4\u00e4nn\u00f6t<\/a><\/p>\n\n\n\n<p><a rel=\"noreferrer noopener\" aria-label=\" (avautuu uudessa v\u00e4lilehdess\u00e4)\" href=\"https:\/\/yhdistysrekisteri.prh.fi\/basicinformation?businessId=3075170-2&amp;timeZone=Europe\/Helsinki#fromAdvancedSearch\" target=\"_blank\">yhdistysrekisteri<\/a><\/p>\n\n\n\n<p><a href=\"https:\/\/tietopalvelu.ytj.fi\/?companyName=luvan+saaneet+oikeudenk%C3%A4yntiavustajat&amp;isCompanyValid=true&amp;isCompanyTerminated=false\" target=\"_blank\" rel=\"noreferrer noopener\">YTJ y-tunnusrekisteri<\/a><\/p>\n\n\n\n<p><a rel=\"noreferrer noopener\" href=\"https:\/\/alaki.fi\/Liittymismaksuuuub.pdf\" target=\"_blank\">Liittymismaksu 100 e<\/a><\/p>\n\n\n\n<p><a href=\"http:\/\/alaki.fi\/jasenmaksu_2023.pdf\">J\u00c4SENMAKSU  75 e<\/a><\/p>\n\n\n\n<p><\/p>\n\n\n\n<p><a href=\"https:\/\/alaki.fi\/wordpress\/?page_id=2400176\" target=\"_blank\" rel=\"noreferrer noopener\">J\u00e4senten maksut<\/a> maksetaan nyt henkil\u00f6kohtaisilla laskuilla, jotka yhdistys l\u00e4hett\u00e4\u00e4 Visman avulla. Er\u00e4p\u00e4iv\u00e4 (28.2.).<\/p>\n\n\n\n<p><a href=\"https:\/\/alaki.fi\/wordpress\/?page_id=2402161\" target=\"_blank\" rel=\"noreferrer noopener\">J\u00e4senalueelle<\/a> (J\u00e4senalueelle p\u00e4\u00e4see vasta kun on sy\u00f6tt\u00e4nyt salasanan)<\/p>\n\n\n\n<p>Nykyinen j\u00e4sen: saat laskun vuosittain paitsi, jos olet maksanut ainaisj\u00e4senmaksun. Silloin vuosimaksua ei laskuteta.<\/p>\n\n\n\n<p class=\"has-background\" style=\"background-color:#e7eca0\">KULUVANA VUONNA LIITTYV\u00c4 UUSI J\u00c4SEN: Saat laskun kun saamme j\u00e4senhakemuksesi. <\/p>\n\n\n\n<p><\/p>\n\n\n\n<p><a href=\"https:\/\/alaki.fi\/ainaisjasen.pdf\" target=\"_blank\" rel=\"noreferrer noopener\">AINAISJASENMAKSU 500 e<\/a><\/p>\n\n\n\n<p>J\u00e4senhakemukset osoitteeseen &#8211; medlemsans\u00f6kningar till hallitus@alaki.fi<\/p>\n\n\n\n<p>Esimerkiksi: pyyd\u00e4n saada liitty\u00e4 j\u00e4seneksi yhdistykseen Luvan saaneet oikeudenk\u00e4yntiavustajat, R\u00e4tteg\u00e5ngsbitr\u00e4den med tillst\u00e5nd rf. Ohessa kuvani j\u00e4senkorttia varten sek\u00e4 kopio oikeudenk\u00e4yntiavustajaluettelon (asiointi.oikeus.fi) nettihausta, jonka tuloksessa minut mainitaan. Samalla vakuutan, ett\u00e4 t\u00e4yt\u00e4n s\u00e4\u00e4nn\u00f6iss\u00e4 mainitut j\u00e4senyysvaatimukset ja ett\u00e4 minua vastaan ei ole vireill\u00e4 prosessia oikeudenk\u00e4yntiavustajaluvan menett\u00e4miseksi.<\/p>\n\n\n\n<p>J\u00e4senmaksun my\u00f6t\u00e4 muun muassa saat yhteystietosi <a href=\"https:\/\/alaki.fi\/wordpress\/?page_id=2400619\" target=\"_blank\" rel=\"noreferrer noopener\">luetteloomme<\/a> ja j\u00e4senkortin, jota voi n\u00e4ytt\u00e4\u00e4 tuomioistuinten tarkastuksissa.<\/p>\n\n\n\n<p><a href=\"https:\/\/alaki.fi\/yhteisokannatus.pdf\" target=\"_blank\" rel=\"noreferrer noopener\">Yhteis\u00f6n kannatusmaksu 2 000 e<\/a><\/p>\n\n\n\n<p><a rel=\"noreferrer noopener\" aria-label=\"Milloin lupa tarvitaan? (avautuu uudessa v\u00e4lilehdess\u00e4)\" href=\"http:\/\/finlex.fi\/fi\/laki\/ajantasa\/2011\/20110715\" target=\"_blank\">Laki luvan saaneista oikeudenk\u00e4yntiavustajista<\/a><\/p>\n\n\n\n<p><a href=\"http:\/\/finlex.fi\/fi\/laki\/ajantasa\/1734\/17340004000?search%5Btype%5D=pika&amp;search%5Bpika%5D=oikeudenk%C3%A4ymiskaari#L15\" target=\"_blank\" rel=\"noreferrer noopener\" aria-label=\"Oikeudenk\u00e4ymiskaari 15 luku oikeudenk\u00e4yntiasiamiehist\u00e4 (avautuu uudessa v\u00e4lilehdess\u00e4)\">Oikeudenk\u00e4ymiskaari 15 luku oikeudenk\u00e4yntiasiamiehist\u00e4<\/a><\/p>\n\n\n\n<p><a href=\"http:\/\/finlex.fi\/fi\/laki\/ajantasa\/2002\/20020257?search%5Btype%5D=pika&amp;search%5Bpika%5D=oikeusapulaki#L1P8\" target=\"_blank\" rel=\"noreferrer noopener\" aria-label=\"Oikeusapulain 8 \u00a7 avustajista (avautuu uudessa v\u00e4lilehdess\u00e4)\">Oikeusapulain 8 \u00a7 avustajista<\/a><\/p>\n\n\n\n<p><a href=\"https:\/\/asiointi2.oikeus.fi\/oikeudenkayntiavustajaluettelo\/avustaja\/search\" target=\"_blank\" rel=\"noreferrer noopener\">Oikeusministeri\u00f6n luettelo luvan saaneista oikeudenk\u00e4yntiavustajista<\/a> <\/p>\n\n\n\n<p><a rel=\"noreferrer noopener\" href=\"https:\/\/www.linkedin.com\/groups\/6620165\/\" target=\"_blank\">LinkedIn ryhm\u00e4 luvan saaneille oikeudenk\u00e4yntiavustajille<\/a><\/p>\n\n\n\n<p><a rel=\"noreferrer noopener\" href=\"https:\/\/www.facebook.com\/avustajat\" target=\"_blank\">Facebook<\/a> <a rel=\"noreferrer noopener\" href=\"https:\/\/www.facebook.com\/groups\/205838746721131\" target=\"_blank\">Facebook -ryhm\u00e4<\/a> <a rel=\"noreferrer noopener\" href=\"https:\/\/www.linkedin.com\/groups\/6620165\/\" target=\"_blank\">Linkedin -ryhm\u00e4<\/a><\/p>\n\n\n\n<p class=\"has-large-font-size\"><strong>Avustajista<\/strong><\/p>\n\n\n\n<p>Oikeusapulain 8 \u00a7:ss\u00e4 kerrotaan, mihin ryhmiin avustajat jakautuvat: on julkisia oikeusavustajia ja yksityisi\u00e4 oikeusavustajia. Yksityisi\u00e4 oikeusavustajia ovat asianajajat ja luvan saaneet oikeudenk\u00e4yntiavustajat. Kaikilta vaaditaan oikeudellinen korkeakoulututkinto. Lis\u00e4vaatimukset ja valvonnan laajuus ilmenev\u00e4t lains\u00e4\u00e4d\u00e4nn\u00f6st\u00e4. Lains\u00e4\u00e4d\u00e4nt\u00f6 ei tunne termej\u00e4 lupalakimies eik\u00e4 lupajuristi.<\/p>\n\n\n\n<h5 class=\"wp-block-heading\"><a href=\"https:\/\/finlex.fi\/fi\/laki\/ajantasa\/2002\/20020257?search%5Btype%5D=pika&amp;search%5Bpika%5D=oikeusapulaki#a257-2002\">8 \u00a7<\/a><\/h5>\n\n\n\n<h5 class=\"wp-block-heading\">Avustaja<\/h5>\n\n\n\n<p>Oikeusapua antaa julkinen oikeusavustaja. Tuomioistuinasioissa avustajaksi voidaan kuitenkin m\u00e4\u00e4r\u00e4t\u00e4 my\u00f6s teht\u00e4v\u00e4\u00e4n suostumuksensa antanut yksityinen avustaja. Lis\u00e4ksi yksityinen avustaja voidaan m\u00e4\u00e4r\u00e4t\u00e4 valtion oikeusaputoimistoista annetun lain&nbsp;<a href=\"https:\/\/finlex.fi\/fi\/laki\/ajantasa\/2002\/20020258\">(258\/ 2002) 10 \u00a7:ss\u00e4<\/a>&nbsp;tarkoitetuissa tilanteissa.<\/p>\n\n\n\n<p>Yksityiseksi avustajaksi on m\u00e4\u00e4r\u00e4tt\u00e4v\u00e4 asianajaja tai luvan saaneista oikeudenk\u00e4yntiavustajista annetussa laissa&nbsp;<a href=\"https:\/\/finlex.fi\/fi\/laki\/ajantasa\/2011\/20110715\">(715\/2011)<\/a>&nbsp;tarkoitettu luvan saanut oikeudenk\u00e4yntiavustaja. Rikosasiassa ep\u00e4illyn avustajaksi on m\u00e4\u00e4r\u00e4tt\u00e4v\u00e4 julkinen oikeusavustaja tai asianajaja taikka erityisest\u00e4 syyst\u00e4 luvan saanut oikeudenk\u00e4yntiavustaja, jos ep\u00e4ilty on pid\u00e4tetty tai vangittu, jos h\u00e4nt\u00e4 ep\u00e4ill\u00e4\u00e4n tai h\u00e4nelle vaaditaan rangaistusta rikoksesta, josta ei ole s\u00e4\u00e4detty lievemp\u00e4\u00e4 rangaistusta kuin nelj\u00e4 kuukautta vankeutta, tai t\u00e4llaisen rikoksen yrityksest\u00e4 tai osallisuudesta siihen taikka jos ep\u00e4ilty on 18 vuotta nuorempi.&nbsp;<a href=\"https:\/\/finlex.fi\/fi\/laki\/ajantasa\/2002\/20020257?search%5Btype%5D=pika&amp;search%5Bpika%5D=oikeusapulaki#a17.6.2011-720\">(17.6.2011\/720)<\/a><\/p>\n\n\n\n<p>Milloin oikeusavun saaja on itse ehdottanut avustajakseen kelpoisuusvaatimukset t\u00e4ytt\u00e4v\u00e4n henkil\u00f6n, t\u00e4m\u00e4 on m\u00e4\u00e4r\u00e4tt\u00e4v\u00e4, jolleiv\u00e4t erityiset syyt toisin vaadi.<\/p>\n\n\n\n<p>Avustaja on toimessaan velvollinen noudattamaan hyv\u00e4\u00e4 asianajotapaa.<\/p>\n\n\n\n<p><a href=\"https:\/\/alaki.fi\/wordpress\/\">Alkuun<\/a> <\/p>\n","protected":false},"excerpt":{"rendered":"<p>Norppakuva, copyright Harri Ekholm 2020 Mit\u00e4 sitten? Saat kokeneiden juristien verkoston k\u00e4ytt\u00f6\u00f6si, j\u00e4senkortin, joka helpottaa turvatarkastuksissa, p\u00e4\u00e4syn yhdistyksen j\u00e4senille tarkoitettuihin tilaisuuksiin netiss\u00e4 ja ulkona, voit kirjoittaa ajatuksiasi yhdistyksen keskustelupalstoille, tulla valituksi yhdistyksen luottamusteht\u00e4viin, osallistua yhdistyksen lausuntoihin vireill\u00e4 olevista tai toivottavista uudistuksista lains\u00e4\u00e4d\u00e4nn\u00f6ss\u00e4 ja muualla sek\u00e4 saada yhdistyksen j\u00e4senist\u00e4 puoltajia luottamusteht\u00e4viisi. T\u00e4ss\u00e4 vain jotakin. S\u00e4\u00e4nn\u00f6t yhdistysrekisteri &hellip; <\/p>\n","protected":false},"author":1,"featured_media":2401309,"parent":0,"menu_order":0,"comment_status":"closed","ping_status":"closed","template":"","meta":{"_cbd_carousel_blocks":"[]","footnotes":""},"class_list":["post-2400176","page","type-page","status-publish","has-post-thumbnail","hentry","latest_post"],"_links":{"self":[{"href":"https:\/\/alaki.fi\/wordpress\/index.php?rest_route=\/wp\/v2\/pages\/2400176","targetHints":{"allow":["GET"]}}],"collection":[{"href":"https:\/\/alaki.fi\/wordpress\/index.php?rest_route=\/wp\/v2\/pages"}],"about":[{"href":"https:\/\/alaki.fi\/wordpress\/index.php?rest_route=\/wp\/v2\/types\/page"}],"author":[{"embeddable":true,"href":"https:\/\/alaki.fi\/wordpress\/index.php?rest_route=\/wp\/v2\/users\/1"}],"replies":[{"embeddable":true,"href":"https:\/\/alaki.fi\/wordpress\/index.php?rest_route=%2Fwp%2Fv2%2Fcomments&post=2400176"}],"version-history":[{"count":88,"href":"https:\/\/alaki.fi\/wordpress\/index.php?rest_route=\/wp\/v2\/pages\/2400176\/revisions"}],"predecessor-version":[{"id":2402180,"href":"https:\/\/alaki.fi\/wordpress\/index.php?rest_route=\/wp\/v2\/pages\/2400176\/revisions\/2402180"}],"wp:featuredmedia":[{"embeddable":true,"href":"https:\/\/alaki.fi\/wordpress\/index.php?rest_route=\/wp\/v2\/media\/2401309"}],"wp:attachment":[{"href":"https:\/\/alaki.fi\/wordpress\/index.php?rest_route=%2Fwp%2Fv2%2Fmedia&parent=2400176"}],"curies":[{"name":"wp","href":"https:\/\/api.w.org\/{rel}","templated":true}]}}