{"id":2400795,"date":"2021-04-29T16:42:27","date_gmt":"2021-04-29T13:42:27","guid":{"rendered":"https:\/\/alaki.fi\/wordpress\/?page_id=2400795"},"modified":"2025-10-13T10:08:26","modified_gmt":"2025-10-13T07:08:26","slug":"some","status":"publish","type":"page","link":"https:\/\/alaki.fi\/wordpress\/?page_id=2400795","title":{"rendered":"SOsiaalinen MEdia"},"content":{"rendered":"\n<p><strong>verkottumismahdollisuuksia ker\u00e4t\u00e4\u00e4n t\u00e4nne<\/strong><\/p>\n\n\n\n<p><strong>Liity yhdistyksen Facebook ryhm\u00e4\u00e4n<\/strong> (Licensed Legal Counsels)<\/p>\n\n\n\n<p><a href=\"https:\/\/www.facebook.com\/groups\/205838746721131\">https:\/\/www.facebook.com\/groups\/205838746721131<\/a><\/p>\n\n\n\n<p><strong>Liity yhdistyksen Facebook ryhm\u00e4\u00e4n<\/strong> (Luvan saaneet oikeudenk\u00e4yntiavustajat ry)<\/p>\n\n\n\n<p><a href=\"https:\/\/www.facebook.com\/avustajat\">https:\/\/www.facebook.com\/avustajat<\/a><\/p>\n\n\n\n<p><strong>Liity yhdistyksen LinkedIn ryhm\u00e4\u00e4n<\/strong> (Licenced Legal Counsels &#8211; Luvan saaneet oikeudenk\u00e4yntiavustajat &#8211; R\u00e4tteg\u00e5ngsbitr\u00e4den med tillst\u00e5nd)<\/p>\n\n\n\n<p><a href=\"https:\/\/www.linkedin.com\/groups\/6620165\/\">https:\/\/www.linkedin.com\/groups\/6620165\/<\/a><\/p>\n\n\n\n<p><strong>Yhdistys on my\u00f6s Twitteriss\u00e4<\/strong><\/p>\n\n\n\n<p><a href=\"https:\/\/twitter.com\/@LuvanRy82187\">https:\/\/twitter.com\/@LuvanRy82187<\/a><\/p>\n\n\n\n<p><\/p>\n","protected":false},"excerpt":{"rendered":"<p>verkottumismahdollisuuksia ker\u00e4t\u00e4\u00e4n t\u00e4nne Liity yhdistyksen Facebook ryhm\u00e4\u00e4n (Licensed Legal Counsels) https:\/\/www.facebook.com\/groups\/205838746721131 Liity yhdistyksen Facebook ryhm\u00e4\u00e4n (Luvan saaneet oikeudenk\u00e4yntiavustajat ry) https:\/\/www.facebook.com\/avustajat Liity yhdistyksen LinkedIn ryhm\u00e4\u00e4n (Licenced Legal Counsels &#8211; Luvan saaneet oikeudenk\u00e4yntiavustajat &#8211; R\u00e4tteg\u00e5ngsbitr\u00e4den med tillst\u00e5nd) https:\/\/www.linkedin.com\/groups\/6620165\/ Yhdistys on my\u00f6s Twitteriss\u00e4 https:\/\/twitter.com\/@LuvanRy82187<\/p>\n","protected":false},"author":1,"featured_media":0,"parent":0,"menu_order":0,"comment_status":"closed","ping_status":"closed","template":"","meta":{"_cbd_carousel_blocks":"[]","footnotes":""},"class_list":["post-2400795","page","type-page","status-publish","hentry","latest_post"],"_links":{"self":[{"href":"https:\/\/alaki.fi\/wordpress\/index.php?rest_route=\/wp\/v2\/pages\/2400795","targetHints":{"allow":["GET"]}}],"collection":[{"href":"https:\/\/alaki.fi\/wordpress\/index.php?rest_route=\/wp\/v2\/pages"}],"about":[{"href":"https:\/\/alaki.fi\/wordpress\/index.php?rest_route=\/wp\/v2\/types\/page"}],"author":[{"embeddable":true,"href":"https:\/\/alaki.fi\/wordpress\/index.php?rest_route=\/wp\/v2\/users\/1"}],"replies":[{"embeddable":true,"href":"https:\/\/alaki.fi\/wordpress\/index.php?rest_route=%2Fwp%2Fv2%2Fcomments&post=2400795"}],"version-history":[{"count":9,"href":"https:\/\/alaki.fi\/wordpress\/index.php?rest_route=\/wp\/v2\/pages\/2400795\/revisions"}],"predecessor-version":[{"id":2402181,"href":"https:\/\/alaki.fi\/wordpress\/index.php?rest_route=\/wp\/v2\/pages\/2400795\/revisions\/2402181"}],"wp:attachment":[{"href":"https:\/\/alaki.fi\/wordpress\/index.php?rest_route=%2Fwp%2Fv2%2Fmedia&parent=2400795"}],"curies":[{"name":"wp","href":"https:\/\/api.w.org\/{rel}","templated":true}]}}