{"id":2400220,"date":"2019-08-25T13:50:37","date_gmt":"2019-08-25T10:50:37","guid":{"rendered":"https:\/\/alaki.fi\/wordpress\/?page_id=2400220"},"modified":"2024-09-05T12:03:35","modified_gmt":"2024-09-05T09:03:35","slug":"ajankohtaisia-rss-syotteita","status":"publish","type":"page","link":"https:\/\/alaki.fi\/wordpress\/?page_id=2400220","title":{"rendered":"Ajankohtaista"},"content":{"rendered":"\n<p><a href=\"https:\/\/valtioneuvosto.fi\/ajankohtaista\/tiedotteet\" data-type=\"link\" data-id=\"https:\/\/valtioneuvosto.fi\/ajankohtaista\/tiedotteet\" target=\"_blank\" rel=\"noreferrer noopener\">Valtioneuvosto, tuoreimpia<\/a><\/p>\n\n\n\n<p><a href=\"https:\/\/oikeusministerio.fi\/etusivu\" data-type=\"link\" data-id=\"https:\/\/oikeusministerio.fi\/etusivu\">Oikeusministeri\u00f6, tiedotteita<\/a><\/p>\n\n\n<ul class=\"wp-block-rss\"><li class='wp-block-rss__item'><div class='wp-block-rss__item-title'><a href='https:\/\/oikeusministerio.fi\/-\/ministeri-meri-eu-n-oikeusministerikokoukseen-luxemburgiin'>Ministeri Meri EU:n oikeusministerikokoukseen Luxemburgiin<\/a><\/div><\/li><li class='wp-block-rss__item'><div class='wp-block-rss__item-title'><a href='https:\/\/oikeusministerio.fi\/-\/pohjoismaisen-konferenssin-aiheena-ihmiskaupan-torjunta'>Pohjoismaisen konferenssin aiheena ihmiskaupan torjunta<\/a><\/div><\/li><li class='wp-block-rss__item'><div class='wp-block-rss__item-title'><a href='https:\/\/oikeusministerio.fi\/-\/ehdotus-sakkomenettelyn-uudistamisesta-lausunnoille'>Ehdotus sakkomenettelyn uudistamisesta lausunnoille<\/a><\/div><\/li><li class='wp-block-rss__item'><div class='wp-block-rss__item-title'><a href='https:\/\/oikeusministerio.fi\/-\/kuluttajaluottoja-ja-muita-rahoituspalveluja-koskeva-saantely-uudistuu'>Kuluttajaluottoja ja muita rahoituspalveluja koskeva s\u00e4\u00e4ntely uudistuu<\/a><\/div><\/li><li class='wp-block-rss__item'><div class='wp-block-rss__item-title'><a href='https:\/\/oikeusministerio.fi\/-\/huijauspuheluiden-estotoiminta-voitti-rikoksentorjuntakilpailun-2025'>Huijauspuheluiden estotoiminta voitti rikoksentorjuntakilpailun 2025<\/a><\/div><\/li><\/ul>\n\n\n<p><a href=\"https:\/\/www.finlex.fi\" data-type=\"link\" data-id=\"https:\/\/www.finlex.fi\">Lains\u00e4\u00e4d\u00e4nt\u00f6\u00e4 ja ratkaisuja Finlex<\/a><\/p>\n\n\n\n<p><a href=\"https:\/\/www.lausuntopalvelu.fi\/FI\/Proposal\/List\" data-type=\"link\" data-id=\"https:\/\/www.lausuntopalvelu.fi\/FI\/Proposal\/List\" target=\"_blank\" rel=\"noreferrer noopener\">Lausuttavaa lausuntopalvelussa<\/a><\/p>\n\n\n\n<a href=\"https:\/\/hudoc.echr.coe.int\/\">HUDOC<\/a>\n\n\n<ul class=\"wp-block-rss\"><li class='wp-block-rss__item'><div class='wp-block-rss__item-title'><a href='http:\/\/hudoc.echr.coe.int\/fre#%7B%22itemid%22:%5B%22002-14522%22%5D%7D'>Helme c. Estonie<\/a><\/div><\/li><li class='wp-block-rss__item'><div class='wp-block-rss__item-title'><a href='http:\/\/hudoc.echr.coe.int\/fre#%7B%22itemid%22:%5B%22002-14521%22%5D%7D'>Helme v. Estonia<\/a><\/div><\/li><li class='wp-block-rss__item'><div class='wp-block-rss__item-title'><a href='http:\/\/hudoc.echr.coe.int\/fre#%7B%22itemid%22:%5B%22002-14516%22%5D%7D'>Scuderoni v. Italy<\/a><\/div><\/li><li class='wp-block-rss__item'><div class='wp-block-rss__item-title'><a href='http:\/\/hudoc.echr.coe.int\/fre#%7B%22itemid%22:%5B%22002-14515%22%5D%7D'>Scuderoni c. Italie<\/a><\/div><\/li><li class='wp-block-rss__item'><div class='wp-block-rss__item-title'><a href='http:\/\/hudoc.echr.coe.int\/fre#%7B%22itemid%22:%5B%22002-14511%22%5D%7D'>Hora v. the United Kingdom<\/a><\/div><\/li><\/ul>","protected":false},"excerpt":{"rendered":"<p>Valtioneuvosto, tuoreimpia Oikeusministeri\u00f6, tiedotteita Lains\u00e4\u00e4d\u00e4nt\u00f6\u00e4 ja ratkaisuja Finlex Lausuttavaa lausuntopalvelussa HUDOC<\/p>\n","protected":false},"author":1,"featured_media":0,"parent":0,"menu_order":0,"comment_status":"closed","ping_status":"closed","template":"","meta":{"_cbd_carousel_blocks":"[]","footnotes":""},"class_list":["post-2400220","page","type-page","status-publish","hentry","latest_post"],"_links":{"self":[{"href":"https:\/\/alaki.fi\/wordpress\/index.php?rest_route=\/wp\/v2\/pages\/2400220","targetHints":{"allow":["GET"]}}],"collection":[{"href":"https:\/\/alaki.fi\/wordpress\/index.php?rest_route=\/wp\/v2\/pages"}],"about":[{"href":"https:\/\/alaki.fi\/wordpress\/index.php?rest_route=\/wp\/v2\/types\/page"}],"author":[{"embeddable":true,"href":"https:\/\/alaki.fi\/wordpress\/index.php?rest_route=\/wp\/v2\/users\/1"}],"replies":[{"embeddable":true,"href":"https:\/\/alaki.fi\/wordpress\/index.php?rest_route=%2Fwp%2Fv2%2Fcomments&post=2400220"}],"version-history":[{"count":20,"href":"https:\/\/alaki.fi\/wordpress\/index.php?rest_route=\/wp\/v2\/pages\/2400220\/revisions"}],"predecessor-version":[{"id":2401697,"href":"https:\/\/alaki.fi\/wordpress\/index.php?rest_route=\/wp\/v2\/pages\/2400220\/revisions\/2401697"}],"wp:attachment":[{"href":"https:\/\/alaki.fi\/wordpress\/index.php?rest_route=%2Fwp%2Fv2%2Fmedia&parent=2400220"}],"curies":[{"name":"wp","href":"https:\/\/api.w.org\/{rel}","templated":true}]}}