{"id":2400220,"date":"2019-08-25T13:50:37","date_gmt":"2019-08-25T10:50:37","guid":{"rendered":"https:\/\/alaki.fi\/wordpress\/?page_id=2400220"},"modified":"2025-12-03T13:20:05","modified_gmt":"2025-12-03T11:20:05","slug":"ajankohtaisia-rss-syotteita","status":"publish","type":"page","link":"https:\/\/alaki.fi\/wordpress\/?page_id=2400220","title":{"rendered":"Ajankohtaista"},"content":{"rendered":"\n<p><a href=\"https:\/\/valtioneuvosto.fi\/ajankohtaista\/tiedotteet\" data-type=\"link\" data-id=\"https:\/\/valtioneuvosto.fi\/ajankohtaista\/tiedotteet\" target=\"_blank\" rel=\"noreferrer noopener\">Valtioneuvosto, tuoreimpia<\/a><\/p>\n\n\n\n<p><a href=\"https:\/\/oikeusministerio.fi\/etusivu\" data-type=\"link\" data-id=\"https:\/\/oikeusministerio.fi\/etusivu\">Oikeusministeri\u00f6, tiedotteita<\/a><\/p>\n\n\n<ul class=\"wp-block-rss\"><li class='wp-block-rss__item'><div class='wp-block-rss__item-title'><a href='https:\/\/oikeusministerio.fi\/-\/vaalitietojarjestelman-konesali-sijaitsee-jatkossakin-suomessa'>Vaalitietoj\u00e4rjestelm\u00e4n konesali sijaitsee jatkossakin Suomessa<\/a><\/div><\/li><li class='wp-block-rss__item'><div class='wp-block-rss__item-title'><a href='https:\/\/oikeusministerio.fi\/-\/lausuntokierros-kaynnistyy-lakiesitys-ylivelkaantuneiden-ulosottovelallisten-aseman-helpottamiseksi-'>Lausuntokierros k\u00e4ynnistyy: Lakiesitys ylivelkaantuneiden ulosottovelallisten aseman helpottamiseksi\u00a0<\/a><\/div><\/li><li class='wp-block-rss__item'><div class='wp-block-rss__item-title'><a href='https:\/\/oikeusministerio.fi\/-\/turvallisuustutkintalakia-ehdotetaan-muutettavaksi'>Turvallisuustutkintalakia ehdotetaan muutettavaksi<\/a><\/div><\/li><li class='wp-block-rss__item'><div class='wp-block-rss__item-title'><a href='https:\/\/oikeusministerio.fi\/-\/hallituksen-esitysluonnos-koppikorvauskatosta-on-nyt-lausuntokierroksella'>Hallituksen esitysluonnos koppikorvauskatosta on nyt lausuntokierroksella<\/a><\/div><\/li><li class='wp-block-rss__item'><div class='wp-block-rss__item-title'><a href='https:\/\/oikeusministerio.fi\/-\/lakiluonnos-elaintenpitokiellosta-lausunnoilla'>Lakiluonnos el\u00e4intenpitokiellosta lausunnoilla<\/a><\/div><\/li><\/ul>\n\n\n<p><a href=\"https:\/\/www.finlex.fi\" data-type=\"link\" data-id=\"https:\/\/www.finlex.fi\">Lains\u00e4\u00e4d\u00e4nt\u00f6\u00e4 ja ratkaisuja Finlex<\/a><\/p>\n\n\n\n<p><a href=\"https:\/\/www.lausuntopalvelu.fi\/FI\/Proposal\/List\" data-type=\"link\" data-id=\"https:\/\/www.lausuntopalvelu.fi\/FI\/Proposal\/List\" target=\"_blank\" rel=\"noreferrer noopener\">Lausuttavaa lausuntopalvelussa<\/a><\/p>\n\n\n\n<a href=\"https:\/\/hudoc.echr.coe.int\/\">HUDOC<\/a>\n\n\n<ul class=\"wp-block-rss\"><li class='wp-block-rss__item'><div class='wp-block-rss__item-title'><a href='http:\/\/hudoc.echr.coe.int\/fre#%7B%22itemid%22:%5B%22002-14592%22%5D%7D'>F.B. and Others v. the Netherlands<\/a><\/div><\/li><li class='wp-block-rss__item'><div class='wp-block-rss__item-title'><a href='http:\/\/hudoc.echr.coe.int\/fre#%7B%22itemid%22:%5B%22002-14593%22%5D%7D'>F.B. et autres c. Pays-Bas<\/a><\/div><\/li><li class='wp-block-rss__item'><div class='wp-block-rss__item-title'><a href='http:\/\/hudoc.echr.coe.int\/fre#%7B%22itemid%22:%5B%22002-14588%22%5D%7D'>Nov\u00e1k v. the Czech Republic<\/a><\/div><\/li><li class='wp-block-rss__item'><div class='wp-block-rss__item-title'><a href='http:\/\/hudoc.echr.coe.int\/fre#%7B%22itemid%22:%5B%22002-14589%22%5D%7D'>Nov\u00e1k c. R\u00e9publique tch\u00e8que<\/a><\/div><\/li><li class='wp-block-rss__item'><div class='wp-block-rss__item-title'><a href='http:\/\/hudoc.echr.coe.int\/fre#%7B%22itemid%22:%5B%22002-14590%22%5D%7D'>M.V. et autres c. Belgique<\/a><\/div><\/li><\/ul>\n\n\n<figure class=\"wp-block-embed is-type-wp-embed is-provider-suomen-asianajajat wp-block-embed-suomen-asianajajat\"><div class=\"wp-block-embed__wrapper\">\n<blockquote class=\"wp-embedded-content\" data-secret=\"LC6WKdhRei\"><a href=\"https:\/\/asianajajat.fi\/asianajajalle\/saantely\/tapaohjeet\/\">Tapaohjeet<\/a><\/blockquote><iframe loading=\"lazy\" class=\"wp-embedded-content\" sandbox=\"allow-scripts\" security=\"restricted\" style=\"position: absolute; visibility: hidden;\" title=\"&#8221;Tapaohjeet&#8221; &#8212; Suomen Asianajajat\" src=\"https:\/\/asianajajat.fi\/asianajajalle\/saantely\/tapaohjeet\/embed\/#?secret=MG5fCNYFg8#?secret=LC6WKdhRei\" data-secret=\"LC6WKdhRei\" width=\"600\" height=\"338\" frameborder=\"0\" marginwidth=\"0\" marginheight=\"0\" scrolling=\"no\"><\/iframe>\n<\/div><\/figure>\n\n\n\n<p><a href=\"https:\/\/alaki.fi\/wordpress\/?p=2401056\" target=\"_blank\" rel=\"noreferrer noopener\">J\u00e4senkortin ominaisuuksia<\/a><\/p>\n\n\n\n<p><\/p>\n","protected":false},"excerpt":{"rendered":"<p>Valtioneuvosto, tuoreimpia Oikeusministeri\u00f6, tiedotteita Lains\u00e4\u00e4d\u00e4nt\u00f6\u00e4 ja ratkaisuja Finlex Lausuttavaa lausuntopalvelussa HUDOC J\u00e4senkortin ominaisuuksia<\/p>\n","protected":false},"author":1,"featured_media":0,"parent":0,"menu_order":0,"comment_status":"closed","ping_status":"closed","template":"","meta":{"_cbd_carousel_blocks":"[]","footnotes":""},"class_list":["post-2400220","page","type-page","status-publish","hentry","latest_post"],"_links":{"self":[{"href":"https:\/\/alaki.fi\/wordpress\/index.php?rest_route=\/wp\/v2\/pages\/2400220","targetHints":{"allow":["GET"]}}],"collection":[{"href":"https:\/\/alaki.fi\/wordpress\/index.php?rest_route=\/wp\/v2\/pages"}],"about":[{"href":"https:\/\/alaki.fi\/wordpress\/index.php?rest_route=\/wp\/v2\/types\/page"}],"author":[{"embeddable":true,"href":"https:\/\/alaki.fi\/wordpress\/index.php?rest_route=\/wp\/v2\/users\/1"}],"replies":[{"embeddable":true,"href":"https:\/\/alaki.fi\/wordpress\/index.php?rest_route=%2Fwp%2Fv2%2Fcomments&post=2400220"}],"version-history":[{"count":22,"href":"https:\/\/alaki.fi\/wordpress\/index.php?rest_route=\/wp\/v2\/pages\/2400220\/revisions"}],"predecessor-version":[{"id":2402309,"href":"https:\/\/alaki.fi\/wordpress\/index.php?rest_route=\/wp\/v2\/pages\/2400220\/revisions\/2402309"}],"wp:attachment":[{"href":"https:\/\/alaki.fi\/wordpress\/index.php?rest_route=%2Fwp%2Fv2%2Fmedia&parent=2400220"}],"curies":[{"name":"wp","href":"https:\/\/api.w.org\/{rel}","templated":true}]}}