{"id":2401681,"date":"2024-09-03T06:56:28","date_gmt":"2024-09-03T03:56:28","guid":{"rendered":"https:\/\/alaki.fi\/wordpress\/?page_id=2401681"},"modified":"2026-03-05T16:33:28","modified_gmt":"2026-03-05T14:33:28","slug":"hallitus-kokoontui-20-8-2024","status":"publish","type":"page","link":"https:\/\/alaki.fi\/wordpress\/?page_id=2401681","title":{"rendered":"Hallitus kokoontuu"},"content":{"rendered":"\n<figure class=\"wp-block-image size-full\"><a href=\"https:\/\/teams.microsoft.com\/l\/meetup-join\/19%3ameeting_OWM1ZWQ4MmUtMjlmZS00NTMxLWEwY2UtOTE5MmMwYTZjOGUz%40thread.v2\/0?context=%7b%22Tid%22%3a%220a0bb2b7-2492-4716-9f9b-7aa5f5a663e9%22%2c%22Oid%22%3a%2256285a05-819b-42bc-8062-348254015620%22%7d\" target=\"_blank\" rel=\" noreferrer noopener\"><img loading=\"lazy\" decoding=\"async\" width=\"122\" height=\"118\" src=\"https:\/\/alaki.fi\/wordpress\/wp-content\/uploads\/2025\/10\/image-1.png\" alt=\"\" class=\"wp-image-2402195\" srcset=\"https:\/\/alaki.fi\/wordpress\/wp-content\/uploads\/2025\/10\/image-1.png 122w, https:\/\/alaki.fi\/wordpress\/wp-content\/uploads\/2025\/10\/image-1-62x60.png 62w\" sizes=\"auto, (max-width: 122px) 100vw, 122px\" \/><\/a><\/figure>\n\n\n\n<p>Yll\u00e4 on teams -linkki kokoukseen. <\/p>\n\n\n\n<p>Jos nettisi ei toimi, voit liitty\u00e4 tuohon kokoukseen soittamalla <\/p>\n\n\n\n<p>numeroon +358 9 85659150, valitse kieli ja paina kokoustunnus 481 511 09# (ilman v\u00e4lily\u00f6ntej\u00e4).<\/p>\n\n\n\n<p>Puhelin voi j\u00e4\u00e4d\u00e4 \u201cvalitse kieli\u201d -silmukkaan, jos kokoustunnusta ei sy\u00f6tet\u00e4 oikeaan aikaan tai se tehd\u00e4\u00e4n v\u00e4\u00e4r\u00e4ll\u00e4 n\u00e4pp\u00e4imell\u00e4 tai mit\u00e4\u00e4n ei paineta ajoissa. On mahdollista my\u00f6s, ett\u00e4 puhelin ei l\u00e4het\u00e4 DTMF-\u00e4\u00e4ni\u00e4 oikein (n\u00e4pp\u00e4in\u00e4\u00e4net, joilla j\u00e4rjestelm\u00e4 tunnistaa painallukset). T\u00e4m\u00e4 VOI ep\u00e4onnistua, jos k\u00e4yt\u00f6ss\u00e4 on handsfree \/ Bluetooth, VoLTE \/ WiFi, tai soitetaan yrityksen vaihteen tai IP-puhelimen kautta, tai painallukset tehd\u00e4\u00e4n liian nopeasti tai liian hitaasti. Seurauksena VOI olla, ett\u00e4 j\u00e4rjestelm\u00e4 ei rekister\u00f6i painallusta, vaikka k\u00e4ytt\u00e4j\u00e4 luulee painaneensa. Testatkaa toimivuus ennen kokousta ja ilmoittakaa virheest\u00e4 ennen kokousta.<\/p>\n\n\n\n<p>&#8211; &#8211; &#8211; &#8211; &#8211; &#8211;<\/p>\n\n\n\n<p><\/p>\n\n\n\n<p>Hallitus kokoontui 5.3.2026<\/p>\n\n\n\n<p>Hallitus kokoontui 16.1.2026<\/p>\n\n\n\n<p>Hallitus kokoontui 15.12.2025<\/p>\n\n\n\n<p>Hallitus kokoontui 20.10.2025<\/p>\n\n\n\n<p>12.9.2025 Varapuheenjohtajaksi valittiin Auli Nuotio Turusta ja sihteeriksi sek\u00e4 rahastonhoitajaksi Timo Riissanen Helsingist\u00e4.<\/p>\n\n\n\n<p>Hallitus ryhtyy valmistelemaan syysk\u00e4r\u00e4ji\u00e4 pidett\u00e4v\u00e4ksi 21.-22.11.2025 teemalla teko\u00e4ly lakiasiaintoimistoissa<\/p>\n\n\n\n<p><\/p>\n\n\n\n<p>20.8.2024 Varapuheenjohtajaksi valittiin Auli Nuotio Turusta ja sihteeriksi sek\u00e4 rahastonhoitajaksi Timo Riissanen Helsingist\u00e4.<\/p>\n\n\n\n<p>Eduskunnan oikeusasiamies on pyyt\u00e4nyt yhdistykselt\u00e4 20.9.2024 lausunnon kantelusta, joka koskee p\u00e4\u00e4sy\u00e4 Luvan saaneiden oikeudenk\u00e4yntiavustajien yhteystietoihin poliisin luona.  Asiaa koskevia kantoja voi l\u00e4hett\u00e4\u00e4 11.9.2024 menness\u00e4 yhdistyksen s\u00e4hk\u00f6postiosoitteeseen niiden huomioon ottamiseksi.<\/p>\n\n\n\n<p>Syysk\u00e4r\u00e4ji\u00e4 valmistellaan pidett\u00e4v\u00e4ksi 26.10.2024 Suomen Turussa.<\/p>\n\n\n\n<p>Seuraava hallituksen kokous sovittiin pidett\u00e4v\u00e4ksi 26.9.2024 klo 15 <\/p>\n","protected":false},"excerpt":{"rendered":"<p>Yll\u00e4 on teams -linkki kokoukseen. Jos nettisi ei toimi, voit liitty\u00e4 tuohon kokoukseen soittamalla numeroon +358 9 85659150, valitse kieli ja paina kokoustunnus 481 511 09# (ilman v\u00e4lily\u00f6ntej\u00e4). Puhelin voi j\u00e4\u00e4d\u00e4 \u201cvalitse kieli\u201d -silmukkaan, jos kokoustunnusta ei sy\u00f6tet\u00e4 oikeaan aikaan tai se tehd\u00e4\u00e4n v\u00e4\u00e4r\u00e4ll\u00e4 n\u00e4pp\u00e4imell\u00e4 tai mit\u00e4\u00e4n ei paineta ajoissa. On mahdollista my\u00f6s, ett\u00e4 puhelin &hellip; <\/p>\n","protected":false},"author":1,"featured_media":2401683,"parent":0,"menu_order":0,"comment_status":"closed","ping_status":"closed","template":"","meta":{"_cbd_carousel_blocks":"[]","footnotes":""},"class_list":["post-2401681","page","type-page","status-publish","has-post-thumbnail","hentry","latest_post"],"_links":{"self":[{"href":"https:\/\/alaki.fi\/wordpress\/index.php?rest_route=\/wp\/v2\/pages\/2401681","targetHints":{"allow":["GET"]}}],"collection":[{"href":"https:\/\/alaki.fi\/wordpress\/index.php?rest_route=\/wp\/v2\/pages"}],"about":[{"href":"https:\/\/alaki.fi\/wordpress\/index.php?rest_route=\/wp\/v2\/types\/page"}],"author":[{"embeddable":true,"href":"https:\/\/alaki.fi\/wordpress\/index.php?rest_route=\/wp\/v2\/users\/1"}],"replies":[{"embeddable":true,"href":"https:\/\/alaki.fi\/wordpress\/index.php?rest_route=%2Fwp%2Fv2%2Fcomments&post=2401681"}],"version-history":[{"count":12,"href":"https:\/\/alaki.fi\/wordpress\/index.php?rest_route=\/wp\/v2\/pages\/2401681\/revisions"}],"predecessor-version":[{"id":2402761,"href":"https:\/\/alaki.fi\/wordpress\/index.php?rest_route=\/wp\/v2\/pages\/2401681\/revisions\/2402761"}],"wp:featuredmedia":[{"embeddable":true,"href":"https:\/\/alaki.fi\/wordpress\/index.php?rest_route=\/wp\/v2\/media\/2401683"}],"wp:attachment":[{"href":"https:\/\/alaki.fi\/wordpress\/index.php?rest_route=%2Fwp%2Fv2%2Fmedia&parent=2401681"}],"curies":[{"name":"wp","href":"https:\/\/api.w.org\/{rel}","templated":true}]}}