{"id":2402860,"date":"2026-03-15T09:23:18","date_gmt":"2026-03-15T07:23:18","guid":{"rendered":"https:\/\/alaki.fi\/wordpress\/?page_id=2402860"},"modified":"2026-03-15T11:02:34","modified_gmt":"2026-03-15T09:02:34","slug":"paikkakunnittain","status":"publish","type":"page","link":"https:\/\/alaki.fi\/wordpress\/?page_id=2402860","title":{"rendered":"Paikkakunnittain"},"content":{"rendered":"\n<p>Alla on <strong>paikkakuntakohtainen, linkitetty luettelo<\/strong> j\u00e4senist\u00e4 julkisen toimistoluettelon perusteella. Ryhmittely perustuu siihen paikkakuntaan, joka j\u00e4senen kohdalla n\u00e4kyy luettelossa tai toimiston nimess\u00e4. Yhdistys itse huomauttaa, ett\u00e4 kyse on yleens\u00e4 lupaa hakiessa ilmoitetusta kotipaikasta ja ett\u00e4 j\u00e4senet voivat toimia koko Suomessa. Jos julkisessa luettelossa <strong>ei n\u00e4y varmennettua omaa kotisivua<\/strong>, olen merkinnyt sen erikseen enk\u00e4 ole keksinyt linkki\u00e4. Osasta sinisest\u00e4 linkkitekstist\u00e4 puuttuu t\u00e4ll\u00e4 hetkell\u00e4 valitettavasti kohdesivu, mutta yhteystieto n\u00e4kyy julkisesta toimistoluettelosta.<\/p>\n\n\n\n<h2 class=\"wp-block-heading\">Espoo<\/h2>\n\n\n\n<ul class=\"wp-block-list\">\n<li><a href=\"https:\/\/psyjuridica.com\">Jenni Elina Maria H\u00e4ive<\/a> \u2014 Psykologi- ja lakiasiaintoimisto PsyJuridica Oy<\/li>\n\n\n\n<li><a href=\"https:\/\/asiointi.oikeus.fi\/oikeudenkayntiavustajaluettelo\/avustaja\/search\">Hannu Tapani Haukanhovi<\/a> \u2014 Lakiasiaintoimisto Haukanhovi Oy<\/li>\n\n\n\n<li><a href=\"https:\/\/talousjuristit.fi\">Matti Juhani Hopsu<\/a> \u2014 Talousjuristit Oy<\/li>\n\n\n\n<li><a href=\"https:\/\/www.justeria.fi\">Jussi Raimo Kalervo J\u00e4rvensivu<\/a> \u2014 Justeria Oy<\/li>\n\n\n\n<li><a href=\"https:\/\/janzon.fi\">Tor Edvard Janzon<\/a> \u2014 Janzonlaw<\/li>\n\n\n\n<li><a href=\"https:\/\/www.kivimakilaw.com\/\">Hans Erik Kivim\u00e4ki<\/a> \u2014 Lakiasiaintoimisto H.E. Kivim\u00e4ki &amp; Co Oy<\/li>\n\n\n\n<li><a href=\"https:\/\/www.lakinavi.fi\/\">Mikko Sakari Leirimaa<\/a> \u2014 Lakinavi Oy<\/li>\n\n\n\n<li><a>Heikki Henry Olavi Leisvuori<\/a> \u2014 Lakiasiaintoimisto Leisvuori Heikki sivulinkki puuttuu<\/li>\n\n\n\n<li><a href=\"https:\/\/heikkileivonen.fi\/\">Heikki Juhani Leivonen<\/a> \u2014 Lakiasiaintoimisto Heikki Leivonen<\/li>\n\n\n\n<li><a href=\"https:\/\/justia.fi\">Jussi Sakari Loukkola<\/a> \u2014 Justia Oy<\/li>\n\n\n\n<li><a href=\"https:\/\/asiointi.oikeus.fi\/oikeudenkayntiavustajaluettelo\/avustaja\/search\">Heikki Tapani Meskanen<\/a> \u2014 Lakiasiantoimisto Varatuomari Heikki Meskanen Oy<\/li>\n\n\n\n<li><a href=\"https:\/\/muhtaseb.fi\/\">Ramzi Naif Muhtaseb<\/a> \u2014 Lakiasiaintoimisto Muhtaseb<\/li>\n\n\n\n<li><a href=\"https:\/\/psyjuridica.com\">Jan-Olof Nyholm<\/a> \u2014 PsyJuridica Oy<\/li>\n\n\n\n<li><a href=\"https:\/\/www.auditlex.fi\/\">Pasi Olavi Puranen<\/a> \u2014 Auditlex Oy<\/li>\n\n\n\n<li><a href=\"https:\/\/www.veropro.fi\">Juha Alarik Yl\u00e4talo<\/a> \u2014 Veropro Oy<\/li>\n<\/ul>\n\n\n\n<h2 class=\"wp-block-heading\">Espoo \/ Helsinki<\/h2>\n\n\n\n<ul class=\"wp-block-list\">\n<li><a href=\"https:\/\/asiointi.oikeus.fi\/oikeudenkayntiavustajaluettelo\/avustaja\/search\">Juha Matti Haarti<\/a> \u2014 Lakiasiaintoimisto Juha Matti Haarti Ky<\/li>\n\n\n\n<li><a>Maija Helena Koskenoja<\/a> \u2014 Yhdenvertaisuusvaltuutetun toimisto<\/li>\n\n\n\n<li><a href=\"https:\/\/asiointi.oikeus.fi\/oikeudenkayntiavustajaluettelo\/avustaja\/search\">Tomi Kalevi Rinne<\/a> \u2014 Ramboll Finland Oy<\/li>\n<\/ul>\n\n\n\n<h2 class=\"wp-block-heading\">Helsinki<\/h2>\n\n\n\n<ul class=\"wp-block-list\">\n<li><a href=\"https:\/\/www.kariaarrevuo.fi\/\">Kari Kaarlo Tapani Aarrevuo<\/a> \u2014 Lakiasiaintoimisto Aarrevuo Oy<\/li>\n\n\n\n<li><a href=\"https:\/\/www.papula-nevinpat.fi\">Lotta Maria Ahovaara<\/a> \u2014 Papula-Nevinpat<\/li>\n\n\n\n<li><a href=\"https:\/\/www.enegren.fi\/\">Jannika Viktoria Enegren<\/a> \u2014 Lakiasiaintoimisto Jannika Enegren<\/li>\n\n\n\n<li><a href=\"https:\/\/www.piafazer.fi\/\" target=\"_blank\" rel=\"noreferrer noopener\">Pia Christina Fazer<\/a> \u2014 Lakiasiaintoimisto Pia Fazer Oy<\/li>\n\n\n\n<li><a href=\"https:\/\/arkadia.fi\/\">Martti Allan Herman H\u00e4kkinen<\/a> \u2014 Arkadian Lakiasiaintoimisto Oy<\/li>\n\n\n\n<li><a href=\"https:\/\/haapaniemipartners.fi\">Akseli Eero Haapaniemi<\/a> \u2014 Haapaniemi Partners Lakitoimisto Oy<\/li>\n\n\n\n<li><a href=\"https:\/\/haapaniemipartners.fi\">Lauri Toivo Haapaniemi<\/a> \u2014 Haapaniemi Partners Lakitoimisto Oy<\/li>\n\n\n\n<li><a href=\"https:\/\/kpmg.com\/fi\/fi.html\">Mika Olavi Honkanen<\/a> \u2014 KPMG Legal Services<\/li>\n\n\n\n<li><a href=\"https:\/\/adorarama.com\/?d=lakiasiaintoimisto-matti-jousinen.com&amp;a=2143526812&amp;s=2688a1da6ddc591d80d8ecbb57eaf117aba4b0fd3dd501ed8e68b856e8413adc\">Matti Osmo Ilmari Jousinen<\/a> \u2014 Lakiasiaintoimisto Matti Jousinen<\/li>\n\n\n\n<li><a href=\"https:\/\/www.kaihlanenoy.fi\/\">Erkki Olavi Antero Kaihlanen<\/a> \u2014 Lakiasiaintoimisto Varatuomari Olavi Kaihlanen Oy<\/li>\n\n\n\n<li><a>Martti Tapio Kalliovaara<\/a> \u2014 K-Legal Oy<\/li>\n\n\n\n<li><a href=\"https:\/\/helsinginlaki.fi\">Joona Samuel Keski-Luoma<\/a> \u2014 Helsingin Lakiasiainpalvelu Oy<\/li>\n\n\n\n<li><a href=\"https:\/\/www.lexia.fi\/fi\/\">Antti Tapani Korpela<\/a> \u2014 Lexia Asianajotoimisto Oy<\/li>\n\n\n\n<li><a href=\"https:\/\/asiointi.oikeus.fi\/oikeudenkayntiavustajaluettelo\/avustaja\/search\">Petra Susanne L\u00e4hdekallio<\/a> \u2014 ei omaa toimistosivua n\u00e4kyviss\u00e4 luettelossa<\/li>\n\n\n\n<li><a href=\"https:\/\/www.lakifirma.fi\/\">Esa Juhani Laine<\/a> \u2014 Lakiasiaintoimisto Laine &amp; Lamberg<\/li>\n\n\n\n<li><a href=\"https:\/\/www.lakifirma.fi\/\">Eero Risto Kalevi Lamberg<\/a> \u2014 Lakiasiaintoimisto Laine &amp; Lamberg<\/li>\n\n\n\n<li><a href=\"https:\/\/lakitoimisto.info\/lakiasiaintoimisto-kai-laurila\">Kai Arto Olavi Laurila<\/a> \u2014 Airlaw Services<\/li>\n\n\n\n<li><a href=\"https:\/\/www.lakiasiainpalvelutleinamo.fi\/\">Sari Marita Leinamo<\/a> \u2014 Lakiasiainpalvelut Sari Leinamo<\/li>\n\n\n\n<li><a href=\"https:\/\/talousjuristit.fi\">Sami Tapio Leinonen<\/a> \u2014 Talousjuristit Oy<\/li>\n\n\n\n<li><a>Tuuli Milla-Mari Leivo<\/a> \u2014 Lakiasiaintoimisto Kari Uoti Oy<\/li>\n\n\n\n<li><a href=\"https:\/\/helsinginlaki.fi\/\">Jukka Kristian Lind\u00e9n<\/a> \u2014 Lakitoimisto Helsinki \/ Helsingin Lakiasiainpalvelu Oy<\/li>\n\n\n\n<li><a href=\"https:\/\/finsta.fi\/\">Ilkka Olavi Malka<\/a> \u2014 Yritysjuridiikka Oy \/ Finsta Asianajotoimisto Oy<\/li>\n\n\n\n<li><a href=\"https:\/\/shipowners.fi\/suomen-varustamot-ry\/henkilosto-ja-organisaatio\/\">Maija-Pauliina Mattila<\/a> \u2014 Suomen Varustamot ry<\/li>\n\n\n\n<li><a href=\"https:\/\/asiointi.oikeus.fi\/oikeudenkayntiavustajaluettelo\/avustaja\/search\">Ari Matti M\u00f6ls\u00e4<\/a> \u2014 ei omaa toimistosivua n\u00e4kyviss\u00e4 luettelossa<\/li>\n\n\n\n<li><a href=\"https:\/\/www.laatulaki.fi\">Maiju Johanna Nousiainen<\/a> \u2014 Laatu Laki Oy<\/li>\n\n\n\n<li><a href=\"https:\/\/www.ehelsinginlakiasiaintoimisto.fi\/2\/\">Tommi Markus Sakari Parviainen<\/a> \u2014 Etel\u00e4-Helsingin Lakiasiaintoimisto Oy<\/li>\n\n\n\n<li><a href=\"https:\/\/www.facebook.com\">Jukka Olavi Pelkonen<\/a> \u2014 Lakiasiaintoimisto Jukka Pelkonen Ky<\/li>\n\n\n\n<li><a href=\"https:\/\/www.oikeustuki.info\/\">Arttu Wiljam Piipponen<\/a> \u2014 Lakiasiaintoimisto Lakituki Oy<\/li>\n\n\n\n<li><a href=\"https:\/\/www.lakihelsinki.fi\/\">Henrik Olavi Pirhonen<\/a> \u2014 lakihelsinki.fi<\/li>\n\n\n\n<li><a href=\"https:\/\/prolaki.fi\/\">Suvi Anniina Poutiainen<\/a> \u2014 Lakiasiaintoimisto Pro Laki Oy<\/li>\n\n\n\n<li><a href=\"https:\/\/felex.fi\">Ramezan Puhto<\/a> \u2014 Yritysjuristi<\/li>\n\n\n\n<li><a href=\"https:\/\/finnlaw.com\">Timo Antti Riissanen<\/a> \u2014 Finnlaw Timo Antti Riissanen<\/li>\n\n\n\n<li><a href=\"https:\/\/saariluoma.fi\/\">Lauri Matti Saariluoma<\/a> \u2014 Lakiasiaintoimisto Lauri Saariluoma Ky<\/li>\n\n\n\n<li><a href=\"https:\/\/1188.fi\/cms\/sbd,388860,Lakiasiaintoimisto-Markku-Salonen--.htm?option=com_directory&amp;task=listDetail&amp;id=388860\">Markku V\u00e4in\u00f6 Juhani Salonen<\/a> \u2014 Varatuomari Markku Salonen Lakiasiaintoimisto<\/li>\n\n\n\n<li><a href=\"https:\/\/www.sandstromlegal.fi\">Ellen Amanda Sandstr\u00f6m<\/a> \u2014 Sandstr\u00f6m Legal<\/li>\n\n\n\n<li><a href=\"https:\/\/ek.fi\/?s=ty%C3%B6suhdejuristit&amp;lang=fi\">Kaisa Maria Sepp\u00e4l\u00e4<\/a> \u2014 Ty\u00f6suhdejuristit Oy<\/li>\n\n\n\n<li><a href=\"https:\/\/premilex.fi\/\">Antti Matias Sippola<\/a> \u2014 Premilex Oy<\/li>\n\n\n\n<li><a href=\"https:\/\/premilex.fi\/\">Jussi Matti Topias Sippola<\/a> \u2014 Lakiasiaintoimisto Premilex Oy<\/li>\n\n\n\n<li><a href=\"https:\/\/www.tapala.fi\/\">Jaakko Tapala<\/a> \u2014 Varatuomari Tapala Oy<\/li>\n\n\n\n<li><a href=\"https:\/\/www.eversheds-sutherland.com\">Roosa Aliisa Teittinen<\/a> \u2014 Eversheds Asianajotoimisto Oy<\/li>\n\n\n\n<li><a href=\"https:\/\/www.kontulanlakitoimisto.fi\/\">Pekka Kalevi Tiusanen<\/a> \u2014 Kontulan Lakitoimisto<\/li>\n\n\n\n<li><a href=\"https:\/\/www.markkutolvi.fi\">Markku Sakari Tolvi<\/a> \u2014 Lakiasiaintoimisto Markku Tolvi \/ Markku Tolvi Oy<\/li>\n\n\n\n<li><a href=\"https:\/\/www.jurica.fi\/\">Joonas Lauri Antero Tutti<\/a> \u2014 Lakiasiaintoimisto Jurica Oy<\/li>\n\n\n\n<li><a href=\"https:\/\/hvlaw.fi\">Teemu Tapio Vartiainen<\/a> \u2014 Hasa &amp; Vartiainen Lakiasiaintoimisto<\/li>\n\n\n\n<li><a href=\"https:\/\/uotilapartners.fi\">Aarni Kullervo Viitala<\/a> \u2014 Lakiasiaintoimisto Uotila &amp; Partners Oy<\/li>\n\n\n\n<li><a href=\"https:\/\/forumlaw.fi\">Henri Johan Tapio Virtanen<\/a> \u2014 Lakiasiaintoimisto Forum Law Oy<\/li>\n\n\n\n<li><a href=\"https:\/\/asiointi.oikeus.fi\/oikeudenkayntiavustajaluettelo\/avustaja\/search\">Jyrki Uolevi Wangell<\/a> \u2014 ei omaa toimistosivua n\u00e4kyviss\u00e4 luettelossa<\/li>\n\n\n\n<li><a href=\"https:\/\/www.psyjuridica.com\">Saara Sisko Anneli Ylisaukko-oja<\/a> \u2014 PsyJuridica Oy<\/li>\n\n\n\n<li><a href=\"https:\/\/lakiy.fi\">Antti Juhani Ypy\u00e4<\/a> \u2014 Lakiasiaintoimisto Ypy\u00e4<\/li>\n\n\n\n<li><a href=\"https:\/\/www.fonecta.fi\/profiili\/zitting-and-zitting-lakiasiaintoimisto-oy\/3233270\">Vesa Rikhard Zitting \u2014 Zitting &amp; Zitting Lakiasiaintoimisto Oy<\/a>, <strong>ei varmennettua omaa kotisivua n\u00e4kyviss\u00e4 luettelossa<\/strong><\/li>\n<\/ul>\n\n\n\n<h2 class=\"wp-block-heading\">Hyvink\u00e4\u00e4<\/h2>\n\n\n\n<ul class=\"wp-block-list\">\n<li><a href=\"https:\/\/www.lakiharkonen.fi\/\">Jouki Kaleva H\u00e4rk\u00f6nen<\/a> \u2014 Lakiasiaintoimisto J. H\u00e4rk\u00f6nen Oy<\/li>\n<\/ul>\n\n\n\n<h2 class=\"wp-block-heading\">Hyvink\u00e4\u00e4 \/ Helsinki<\/h2>\n\n\n\n<ul class=\"wp-block-list\">\n<li><a href=\"https:\/\/guidance.fi\/\">Kari Tapani Mannerjoki<\/a> \u2014 Lakitoimisto Guidance Oy<\/li>\n<\/ul>\n\n\n\n<h2 class=\"wp-block-heading\">Ilmajoki<\/h2>\n\n\n\n<ul class=\"wp-block-list\">\n<li><a href=\"https:\/\/www.laki-turva.com\/\">Kari Seppo Maukonen<\/a> \u2014 Laki- ja Turvakonsultti<\/li>\n<\/ul>\n\n\n\n<h2 class=\"wp-block-heading\">Iisalmi<\/h2>\n\n\n\n<ul class=\"wp-block-list\">\n<li><a href=\"https:\/\/lakitoimisto.info\/lakiasiaintoimisto-timo-rajamaki\">Timo Kalervo Rajam\u00e4ki<\/a> \u2014 Lakiasiaintoimisto Timo Rajam\u00e4ki Oy<\/li>\n<\/ul>\n\n\n\n<h2 class=\"wp-block-heading\">J\u00e4rvenp\u00e4\u00e4 \/ Helsinki<\/h2>\n\n\n\n<ul class=\"wp-block-list\">\n<li><a href=\"https:\/\/arkadia.fi\/\">Martti Allan Herman H\u00e4kkinen<\/a> \u2014 Arkadian Lakiasiaintoimisto Oy<\/li>\n<\/ul>\n\n\n\n<h2 class=\"wp-block-heading\">Jyv\u00e4skyl\u00e4<\/h2>\n\n\n\n<ul class=\"wp-block-list\">\n<li><a href=\"https:\/\/lakiluotsit.fi\/\">Timo Tuomas Riuttam\u00e4ki<\/a> \u2014 Lakiluotsit Oy<\/li>\n<\/ul>\n\n\n\n<h2 class=\"wp-block-heading\">Kangasala<\/h2>\n\n\n\n<ul class=\"wp-block-list\">\n<li><a href=\"https:\/\/www.fonecta.fi\/profiili\/hartlaw-oy\/115573\">Mika Juhani Ollila<\/a> \u2014 Hartlaw Oy<\/li>\n<\/ul>\n\n\n\n<h2 class=\"wp-block-heading\">Kempele \/ Oulu<\/h2>\n\n\n\n<ul class=\"wp-block-list\">\n<li><a href=\"https:\/\/www.suomenjuristit.fi\">Janne Matti Vikev\u00e4inen<\/a> \u2014 Suomen Juristit Oy<\/li>\n<\/ul>\n\n\n\n<h2 class=\"wp-block-heading\">Kerava \/ Helsinki<\/h2>\n\n\n\n<ul class=\"wp-block-list\">\n<li><a href=\"https:\/\/www.sopla.fi\">Harri Risto Antero Hietala<\/a> \u2014 Ty\u00f6el\u00e4m\u00e4n sopimus- ja lakipalvelut SOPLA<\/li>\n<\/ul>\n\n\n\n<h2 class=\"wp-block-heading\">Kirkkonummi \/ Espoo<\/h2>\n\n\n\n<ul class=\"wp-block-list\">\n<li><a href=\"https:\/\/www.turulex.fi\">Paula Kristiina Turunen<\/a> \u2014 Lakiasiaintoimisto Jorma Turunen Oy<\/li>\n<\/ul>\n\n\n\n<h2 class=\"wp-block-heading\">Kirkkonummi \/ Sarfvik<\/h2>\n\n\n\n<ul class=\"wp-block-list\">\n<li><a href=\"https:\/\/uotilapartners.fi\/\">Arko Miiro Jannes Uotila<\/a> \u2014 Lakiasiaintoimisto Uotila &amp; Partners Oy<\/li>\n<\/ul>\n\n\n\n<h2 class=\"wp-block-heading\">K\u00f6ln \/ Helsinki<\/h2>\n\n\n\n<ul class=\"wp-block-list\">\n<li><a href=\"https:\/\/asiointi.oikeus.fi\/oikeudenkayntiavustajaluettelo\/avustaja\/search\">Jyrki Uolevi Wangell<\/a> \u2014 ei omaa toimistosivua n\u00e4kyviss\u00e4 luettelossa<\/li>\n<\/ul>\n\n\n\n<h2 class=\"wp-block-heading\">Kouvola \/ Helsinki<\/h2>\n\n\n\n<ul class=\"wp-block-list\">\n<li><a href=\"https:\/\/asiointi.oikeus.fi\/oikeudenkayntiavustajaluettelo\/avustaja\/search\">Juha Pertti Vesuri<\/a> \u2014 ei omaa toimistosivua n\u00e4kyviss\u00e4 luettelossa<\/li>\n<\/ul>\n\n\n\n<h2 class=\"wp-block-heading\">Lahti<\/h2>\n\n\n\n<ul class=\"wp-block-list\">\n<li><a href=\"https:\/\/www.tuomari.org\/index.html\">Hannu Jaakko Olavi M\u00e4kil\u00e4<\/a> \u2014 Lakiasiaintoimisto M\u00e4kil\u00e4 Hannu Ky<\/li>\n\n\n\n<li><a href=\"https:\/\/mattilalegal.fi\">Juhani Matias Mattila<\/a> \u2014 Mattila Legal<\/li>\n<\/ul>\n\n\n\n<h2 class=\"wp-block-heading\">Laitila<\/h2>\n\n\n\n<ul class=\"wp-block-list\">\n<li><a href=\"https:\/\/lakitoimistosaarela.eu\/\">Lauri Aarne Johannes Saarela<\/a> \u2014 Lakiasiaintoimisto Lauri Saarela<\/li>\n<\/ul>\n\n\n\n<h2 class=\"wp-block-heading\">Lappaj\u00e4rvi \/ Karvala<\/h2>\n\n\n\n<ul class=\"wp-block-list\">\n<li><a href=\"https:\/\/lakiviita.fi\/\">Tuula Kristiina Viita-aho<\/a> \u2014 Lakiviita<\/li>\n<\/ul>\n\n\n\n<h2 class=\"wp-block-heading\">Lohja<\/h2>\n\n\n\n<ul class=\"wp-block-list\">\n<li><a href=\"https:\/\/kavonius.fi\/\">Petter Brynolf Kavonius<\/a> \u2014 Lakiasiat Petter Kavonius Ky<\/li>\n<\/ul>\n\n\n\n<h2 class=\"wp-block-heading\">Masku<\/h2>\n\n\n\n<ul class=\"wp-block-list\">\n<li>Petri Juhani Rikkil\u00e4 \u2014 Lakitoimisto Lakiturva, <strong>ei varmennettua omaa kotisivua n\u00e4kyviss\u00e4 luettelossa<\/strong><\/li>\n<\/ul>\n\n\n\n<h2 class=\"wp-block-heading\">Muurame \/ Jyv\u00e4skyl\u00e4<\/h2>\n\n\n\n<ul class=\"wp-block-list\">\n<li><a href=\"https:\/\/lakiluotsit.fi\/\">Jukka Mikael Juuj\u00e4rvi<\/a> \u2014 Lakiluotsit Oy<\/li>\n<\/ul>\n\n\n\n<h2 class=\"wp-block-heading\">Naantali<\/h2>\n\n\n\n<ul class=\"wp-block-list\">\n<li><a href=\"https:\/\/naantalinlaki.com\/\">Auvo Kullervo Tikanm\u00e4ki<\/a> \u2014 Naantalin Laki ja LKV avoin yhti\u00f6<\/li>\n<\/ul>\n\n\n\n<h2 class=\"wp-block-heading\">Nurmij\u00e4rvi \/ Helsinki<\/h2>\n\n\n\n<ul class=\"wp-block-list\">\n<li><a href=\"https:\/\/lakiasiat.com\/\">Tero Johannes Ala-Mieto<\/a> \u2014 Lakiasiaintoimisto Tero Ala-Mieto<\/li>\n<\/ul>\n\n\n\n<h2 class=\"wp-block-heading\">Oulu<\/h2>\n\n\n\n<ul class=\"wp-block-list\">\n<li><a href=\"https:\/\/www.artoheikkila.fi\">Arto Juhani Heikkil\u00e4<\/a> \u2014 Avainteema Oy<\/li>\n<\/ul>\n\n\n\n<h2 class=\"wp-block-heading\">Pieks\u00e4m\u00e4ki<\/h2>\n\n\n\n<ul class=\"wp-block-list\">\n<li><a href=\"https:\/\/www.finder.fi\/Lakipalvelut\/Lakiasiaintoimisto+Ilkka+Moilanen\/Pieks%C3%A4m%C3%A4ki\/yhteystiedot\/3165509\">Ilkka Kullervo Moilanen<\/a> \u2014 Lakitoimisto Ilkka Moilanen<\/li>\n<\/ul>\n\n\n\n<h2 class=\"wp-block-heading\">Pori<\/h2>\n\n\n\n<ul class=\"wp-block-list\">\n<li><a href=\"https:\/\/www.lglaki.com\/\">Milla Emilia Gustafsson<\/a> \u2014 Lakiasiaintoimisto Lindholm &amp; Gustafsson Oy<\/li>\n\n\n\n<li><a href=\"https:\/\/www.jyrkikangasniemi.com\">Jyrki Olavi Kangasniemi<\/a> \u2014 oma toimisto<\/li>\n\n\n\n<li><a href=\"https:\/\/aclaw.fi\/\" data-type=\"link\" data-id=\"https:\/\/aclaw.fi\/\">Jouni Vesa Lehtim\u00e4ki<\/a> \u2014 ACLaw<\/li>\n\n\n\n<li><a href=\"https:\/\/www.linkedin.com\/in\/harri-toimela-509b28124\/\">Harri Reino Olavi Toimela<\/a> \u2014 Lakiasiaintoimisto Toimela Ky<\/li>\n<\/ul>\n\n\n\n<h2 class=\"wp-block-heading\">Porvoo \/ Helsinki<\/h2>\n\n\n\n<ul class=\"wp-block-list\">\n<li><a href=\"https:\/\/www.lakimajava.fi\/\">Johanna Kristiina Majava<\/a> \u2014 Lakimajava Oy<\/li>\n<\/ul>\n\n\n\n<h2 class=\"wp-block-heading\">Raisio \/ Turku<\/h2>\n\n\n\n<ul class=\"wp-block-list\">\n<li><a href=\"https:\/\/bplan.fi\">Tiina Irmeli Kivil\u00e4<\/a> \u2014 B.Plan laki<\/li>\n\n\n\n<li><a href=\"https:\/\/www.oklakipalvelu.com\/\">Outi Tuulikki Mannonen<\/a> \u2014 OK-Lakipalvelu Oy<\/li>\n<\/ul>\n\n\n\n<h2 class=\"wp-block-heading\">Riihim\u00e4ki<\/h2>\n\n\n\n<ul class=\"wp-block-list\">\n<li><a href=\"https:\/\/lakiarola.fi\/\">Mikko Tapio Arola<\/a> \u2014 Lakiasiaintoimisto M. Arola Oy<\/li>\n<\/ul>\n\n\n\n<h2 class=\"wp-block-heading\">Rovaniemi<\/h2>\n\n\n\n<ul class=\"wp-block-list\">\n<li><a href=\"http:\/\/kiikerilaw.com\/\">Markku Tapio Kiikeri<\/a> \u2014 Kiikerilaw<\/li>\n\n\n\n<li><a href=\"https:\/\/hannumikkola.eu\/\">Hannu Tatu Mikkola<\/a> \u2014 oma toimisto<\/li>\n\n\n\n<li><a href=\"https:\/\/lexlappia.fi\">Matti Juhani Torvinen<\/a> \u2014 Kairankulkija Oy \/ Lakiasiaintoimisto Lexlappia<\/li>\n<\/ul>\n\n\n\n<h2 class=\"wp-block-heading\">Sein\u00e4joki<\/h2>\n\n\n\n<ul class=\"wp-block-list\">\n<li><a href=\"https:\/\/leckle.fi\">Hilla Sofia Cecilia \u00c5svik<\/a> \u2014 Leckl\u00e9<\/li>\n<\/ul>\n\n\n\n<h2 class=\"wp-block-heading\">Sipoo \/ Helsinki<\/h2>\n\n\n\n<ul class=\"wp-block-list\">\n<li><a href=\"https:\/\/aalaki.fi\/\">Marko Juhani Meriniemi<\/a> \u2014 AA \u2013 Laki Lakiasiaintoimisto<\/li>\n<\/ul>\n\n\n\n<h2 class=\"wp-block-heading\">Siuntio \/ Espoo<\/h2>\n\n\n\n<ul class=\"wp-block-list\">\n<li><a href=\"https:\/\/www.turulex.fi\">Paula Kristiina Turunen<\/a> \u2014 Lakiasiaintoimisto Jorma Turunen Oy<\/li>\n<\/ul>\n\n\n\n<h2 class=\"wp-block-heading\">Sotkamo<\/h2>\n\n\n\n<ul class=\"wp-block-list\">\n<li><a href=\"https:\/\/www.lainopilliset.fi\">Roope Daniel Kauhanen<\/a> \u2014 Sotkamon Lakipalvelu Oy<\/li>\n<\/ul>\n\n\n\n<h2 class=\"wp-block-heading\">Sveitsi \/ Bubikon \/ Z\u00fcrich<\/h2>\n\n\n\n<ul class=\"wp-block-list\">\n<li><a href=\"https:\/\/asiointi.oikeus.fi\/oikeudenkayntiavustajaluettelo\/avustaja\/search\">Jyrki Kalevi Nikula<\/a> \u2014 ei omaa toimistosivua n\u00e4kyviss\u00e4 luettelossa<\/li>\n<\/ul>\n\n\n\n<h2 class=\"wp-block-heading\">Tampere<\/h2>\n\n\n\n<ul class=\"wp-block-list\">\n<li><a href=\"https:\/\/nokialaw.fi\/\">Aino Mirjam Gr\u00f6nman<\/a> \u2014 Asianajotoimisto Mika Ala-Uotila Oy<\/li>\n\n\n\n<li><a href=\"https:\/\/nokialaw.fi\/\">Emilia Aina Julia Hautanen<\/a> \u2014 Asianajotoimisto Mika Ala-Uotila Oy<\/li>\n\n\n\n<li><a href=\"https:\/\/tammer-juristit.fi\">Hetaliisa Tuuli Mustonen<\/a> \u2014 Asianajotoimisto Tammer-Juristit<\/li>\n\n\n\n<li><a href=\"https:\/\/nokialaw.fi\/\">Petri Johannes Rajala<\/a> \u2014 Asianajotoimisto Mika Ala-Uotila Oy<\/li>\n\n\n\n<li><a href=\"https:\/\/jaakkotuutti.fi\/\">Hilla Eeva Ilona Riikonen<\/a> \u2014 Asianajotoimisto Tuutti Oy<\/li>\n\n\n\n<li><a href=\"https:\/\/lakitoimistotiinatikka.fi\">Tiina P\u00e4ivikki Tikka<\/a> \u2014 Lakitoimisto Tiina Tikka Oy<\/li>\n<\/ul>\n\n\n\n<h2 class=\"wp-block-heading\">Tampere \/ Helsinki<\/h2>\n\n\n\n<ul class=\"wp-block-list\">\n<li><a href=\"https:\/\/www.jurinet.fi\/\">Markus Sakari Talvio<\/a> \u2014 Jurinet<\/li>\n<\/ul>\n\n\n\n<h2 class=\"wp-block-heading\">Turku<\/h2>\n\n\n\n<ul class=\"wp-block-list\">\n<li><a href=\"https:\/\/www.lawlindberg-co.fi\">Jens Gustav Mikael Gr\u00e4sbeck<\/a> \u2014 Asianajotoimisto Lindberg &amp; Co Oy<\/li>\n\n\n\n<li><a href=\"https:\/\/ankoturku.fi\/\">Pasi Juhani Koskinen<\/a> \u2014 ANKO Lakiasiaintoimisto Turku Oy<\/li>\n\n\n\n<li><a>Auli Helena Nuotio<\/a> \u2014 Lakiasiaintoimisto Auli Nuotio kotisivut puuttuu<\/li>\n\n\n\n<li><a href=\"https:\/\/lexnystrom.com\">Riikka Nystr\u00f6m<\/a> \u2014 Lakiasiaintoimisto Nystr\u00f6m<\/li>\n\n\n\n<li><a href=\"https:\/\/www.lakitoimistopalmgren.fi\/\">Mika Tuomas Palmgren<\/a> \u2014 Lakitoimisto Palmgren Oy<\/li>\n\n\n\n<li><a href=\"https:\/\/www.auralaki.fi\/\">Tommi Petteri Sihvonen<\/a> \u2014 Auralaki<\/li>\n\n\n\n<li><a href=\"https:\/\/kpmg.com\">Veli Kalevi Suortamo<\/a> \u2014 KPMG Law<\/li>\n<\/ul>\n\n\n\n<h2 class=\"wp-block-heading\">Tuusula<\/h2>\n\n\n\n<ul class=\"wp-block-list\">\n<li><a href=\"https:\/\/asiointi.oikeus.fi\/oikeudenkayntiavustajaluettelo\/avustaja\/search\">Taisto Esko Olavi Hujala<\/a> \u2014 Lakiasiaintoimisto Oy Hujala Law<\/li>\n<\/ul>\n\n\n\n<h2 class=\"wp-block-heading\">Vaasa<\/h2>\n\n\n\n<ul class=\"wp-block-list\">\n<li><a href=\"https:\/\/www.lakijurpaloheimo.fi\/\">Mika Johannes Paloheimo<\/a> \u2014 Oy Mika Paloheimo Ab<\/li>\n<\/ul>\n\n\n\n<h2 class=\"wp-block-heading\">Vantaa<\/h2>\n\n\n\n<ul class=\"wp-block-list\">\n<li><a href=\"https:\/\/www.holopainenlaw.com\/\">Liisa Anneli Holopainen<\/a> \u2014 Asianajotoimisto Petri Holopainen<\/li>\n\n\n\n<li><a href=\"https:\/\/asiointi.oikeus.fi\/oikeudenkayntiavustajaluettelo\/avustaja\/search\">Ari-Pekka Launne<\/a> \u2014 Evkan Oy<\/li>\n\n\n\n<li><a href=\"https:\/\/lexmoor.fi\/\">Jani Daniel Nummi<\/a> \u2014 Lakiasiaintoimisto Lex Moor Oy<\/li>\n<\/ul>\n\n\n\n<h2 class=\"wp-block-heading\">Vantaa \/ Helsinki<\/h2>\n\n\n\n<ul class=\"wp-block-list\">\n<li><a href=\"https:\/\/stadu.fi\/\">Jouni Tero Korhonen<\/a> \u2014 Stadin Dumari<\/li>\n\n\n\n<li><a href=\"https:\/\/www.pekkanuutinen.com\/\">Pekka Antti Juhani Nuutinen<\/a> \u2014 Lakiasiaintoimisto Pekka Nuutinen<\/li>\n\n\n\n<li><a href=\"https:\/\/www.alaki.fi\/tstot\/PETTERI_NETTIppp.PNG\">Hannu Petteri Snell<\/a> \u2014 Lakiasiaintoimisto Petteri Snell<\/li>\n<\/ul>\n\n\n\n<h2 class=\"wp-block-heading\">Varkaus<\/h2>\n\n\n\n<ul class=\"wp-block-list\">\n<li><a href=\"https:\/\/lakimajakka.fi\">Jaakko Antero Ikonen<\/a> \u2014 Lakimajakka Oy<\/li>\n<\/ul>\n\n\n\n<h2 class=\"wp-block-heading\">Vihti<\/h2>\n\n\n\n<ul class=\"wp-block-list\">\n<li><a href=\"https:\/\/www.fonecta.fi\/profiili\/gofast-ky-lakiasiat\/333452\">Ilkka Olavi Haapalainen<\/a> \u2014 Gofast Ky<\/li>\n<\/ul>\n\n\n\n<p>J\u00e4senluettelo per 15.3.2026<\/p>\n\n\n\n<p>Luvan saanut oikeudenk\u00e4yntiavustaja voi antaa palveluitaan muuallakin kuin alla luetteloon merkityll\u00e4 paikkakunnalla. P\u00e4\u00e4kaupunkiseudun kuntia ovat Helsinki, Espoo, Vantaa ja Kauniainen. Helsingin seutuun luetaan usein my\u00f6s Kirkkonummi, Kerava, J\u00e4rvenp\u00e4\u00e4, Tuusula, Sipoo, Nurmij\u00e4rvi, Vihti, Hyvink\u00e4\u00e4. Edell\u00e4 mainittujen kuntien alueella palvelevat antanevat palveluita kaikkialla p\u00e4\u00e4kaupunkiseudun, Helsingin seudun ja Etel\u00e4-Suomen alueella, jollei suorastaan koko Suomen alueella. Muualla Suomessa toimivat j\u00e4senet voivat antaa palveluita my\u00f6s Etel\u00e4-Suomessa.<\/p>\n\n\n\n<p>Luettelossa voi olla virheit\u00e4 ja siin\u00e4 todenn\u00e4k\u00f6isesti on puutteita, koska kaikkia palvelupaikkakuntia ei ole saatu luetteloitua.<\/p>\n","protected":false},"excerpt":{"rendered":"<p>Alla on paikkakuntakohtainen, linkitetty luettelo j\u00e4senist\u00e4 julkisen toimistoluettelon perusteella. Ryhmittely perustuu siihen paikkakuntaan, joka j\u00e4senen kohdalla n\u00e4kyy luettelossa tai toimiston nimess\u00e4. Yhdistys itse huomauttaa, ett\u00e4 kyse on yleens\u00e4 lupaa hakiessa ilmoitetusta kotipaikasta ja ett\u00e4 j\u00e4senet voivat toimia koko Suomessa. Jos julkisessa luettelossa ei n\u00e4y varmennettua omaa kotisivua, olen merkinnyt sen erikseen enk\u00e4 ole keksinyt linkki\u00e4. &hellip; <\/p>\n","protected":false},"author":1,"featured_media":0,"parent":0,"menu_order":0,"comment_status":"closed","ping_status":"closed","template":"","meta":{"_cbd_carousel_blocks":"[]","footnotes":""},"class_list":["post-2402860","page","type-page","status-publish","hentry","latest_post"],"_links":{"self":[{"href":"https:\/\/alaki.fi\/wordpress\/index.php?rest_route=\/wp\/v2\/pages\/2402860","targetHints":{"allow":["GET"]}}],"collection":[{"href":"https:\/\/alaki.fi\/wordpress\/index.php?rest_route=\/wp\/v2\/pages"}],"about":[{"href":"https:\/\/alaki.fi\/wordpress\/index.php?rest_route=\/wp\/v2\/types\/page"}],"author":[{"embeddable":true,"href":"https:\/\/alaki.fi\/wordpress\/index.php?rest_route=\/wp\/v2\/users\/1"}],"replies":[{"embeddable":true,"href":"https:\/\/alaki.fi\/wordpress\/index.php?rest_route=%2Fwp%2Fv2%2Fcomments&post=2402860"}],"version-history":[{"count":13,"href":"https:\/\/alaki.fi\/wordpress\/index.php?rest_route=\/wp\/v2\/pages\/2402860\/revisions"}],"predecessor-version":[{"id":2402885,"href":"https:\/\/alaki.fi\/wordpress\/index.php?rest_route=\/wp\/v2\/pages\/2402860\/revisions\/2402885"}],"wp:attachment":[{"href":"https:\/\/alaki.fi\/wordpress\/index.php?rest_route=%2Fwp%2Fv2%2Fmedia&parent=2402860"}],"curies":[{"name":"wp","href":"https:\/\/api.w.org\/{rel}","templated":true}]}}